{"id":3152,"date":"2025-03-21T21:52:39","date_gmt":"2025-03-21T20:52:39","guid":{"rendered":"https:\/\/heerenveenlokaal.nl\/?page_id=3152"},"modified":"2025-03-21T21:55:23","modified_gmt":"2025-03-21T20:55:23","slug":"heerenveen-lokaal-voor-een-beter-verbonden-heerenveen","status":"publish","type":"page","link":"https:\/\/heerenveenlokaal.nl\/fy\/heerenveen-lokaal-voor-een-beter-verbonden-heerenveen\/","title":{"rendered":"Hearrenfean Lokaal \u2013 Foar in better ferb\u00fbn Hearrenfean"},"content":{"rendered":"<div data-elementor-type=\"wp-page\" data-elementor-id=\"3152\" class=\"elementor elementor-3152\" data-elementor-post-type=\"page\">\n\t\t\t\t<div class=\"elementor-element elementor-element-3ba668d e-flex e-con-boxed e-con e-parent\" data-id=\"3ba668d\" data-element_type=\"container\" data-e-type=\"container\">\n\t\t\t\t\t<div class=\"e-con-inner\">\n\t\t\t\t<div class=\"elementor-element elementor-element-644b472 elementor-widget elementor-widget-heading\" data-id=\"644b472\" data-element_type=\"widget\" data-e-type=\"widget\" data-widget_type=\"heading.default\">\n\t\t\t\t<div class=\"elementor-widget-container\">\n\t\t\t\t\t<h2 class=\"elementor-heading-title elementor-size-default\"><p><strong>Hearrenfean Lokaal \u2013 Foar in better ferb\u00fbn Hearrenfean<\/strong><span style=\"color: var( --e-global-color-primary );font-family: var( --e-global-typography-primary-font-family ), Sans-serif;font-size: 2rem;font-weight: var( --e-global-typography-primary-font-weight );text-align: var(--text-align)\"><\/span><\/p><\/h2>\t\t\t\t<\/div>\n\t\t\t\t<\/div>\n\t\t\t\t\t<\/div>\n\t\t\t\t<\/div>\n\t\t<div class=\"elementor-element elementor-element-4717863 e-flex e-con-boxed e-con e-parent\" data-id=\"4717863\" data-element_type=\"container\" data-e-type=\"container\">\n\t\t\t\t\t<div class=\"e-con-inner\">\n\t\t\t\t<div class=\"elementor-element elementor-element-ac285de elementor-widget elementor-widget-image\" data-id=\"ac285de\" data-element_type=\"widget\" data-e-type=\"widget\" data-widget_type=\"image.default\">\n\t\t\t\t<div class=\"elementor-widget-container\">\n\t\t\t\t\t\t\t\t\t\t\t\t\t\t\t<img fetchpriority=\"high\" decoding=\"async\" width=\"300\" height=\"181\" src=\"https:\/\/heerenveenlokaal.nl\/wp-content\/uploads\/2025\/03\/goede-bereikbaarheid-heerenveen-300x181.webp\" class=\"attachment-medium size-medium wp-image-3154\" alt=\"heerenveen lokaal is voor goede bereikbaarheid\" srcset=\"https:\/\/heerenveenlokaal.nl\/wp-content\/uploads\/2025\/03\/goede-bereikbaarheid-heerenveen-300x181.webp 300w, https:\/\/heerenveenlokaal.nl\/wp-content\/uploads\/2025\/03\/goede-bereikbaarheid-heerenveen.webp 726w\" sizes=\"(max-width: 300px) 100vw, 300px\" \/>\t\t\t\t\t\t\t\t\t\t\t\t\t\t\t<\/div>\n\t\t\t\t<\/div>\n\t\t\t\t\t<\/div>\n\t\t\t\t<\/div>\n\t\t<div class=\"elementor-element elementor-element-9e6c0aa e-flex e-con-boxed e-con e-parent\" data-id=\"9e6c0aa\" data-element_type=\"container\" data-e-type=\"container\">\n\t\t\t\t\t<div class=\"e-con-inner\">\n\t\t\t\t<div class=\"elementor-element elementor-element-478798e elementor-widget elementor-widget-text-editor\" data-id=\"478798e\" data-element_type=\"widget\" data-e-type=\"widget\" data-widget_type=\"text-editor.default\">\n\t\t\t\t<div class=\"elementor-widget-container\">\n\t\t\t\t\t\t\t\t\t<p>By Heerenveen Lokaal leauwe wy dat maklike tagonklikens de kaai is foar in bloeiende mienskip. Oft it no giet om feilige fytspaden, effisjinte ferbiningen mei iepenbier ferfier of goed \u00fbnderh\u00e2lden diken, wy binne derop rjochte om Heerenveen tagonkliker te meitsjen foar elkenien.<\/p><p>Us partij stribbet nei duorsume en foar\u00fatstribjende oplossingen dy&#039;t sawol ynwenners as lokale bedriuwen te goede komme. Dizze omfetsje it ferbetterjen fan bus- en treinferbiningen, it befoarderjen fan miljeufreonlike ferfiermooglikheden en it oanpakken fan ferkearsknelpunten. Wy l\u00fasterje nei de behoeften fan \u00fas mienskip en wurkje gear om in It Hearrenfean te meitsjen dat ferb\u00fbn is, net allinich binnen de gemeente, mar ek mei de omlizzende regio&#039;s.<\/p><p>Mei Heerenveen Lokaal bouwe wy in ynfrastruktuer dy&#039;t past by de ambysjes fan \u00fas st\u00ead. Tegearre soargje wy derfoar dat elkenien, jong en \u00e2ld, him frij en maklik bewege kin. Want in tagonklik Heerenveen is in sterk Heerenveen.<\/p>\t\t\t\t\t\t\t\t<\/div>\n\t\t\t\t<\/div>\n\t\t\t\t\t<\/div>\n\t\t\t\t<\/div>\n\t\t\t\t<\/div>","protected":false},"excerpt":{"rendered":"<p>Heerenveen Lokaal \u2013 Voor een beter verbonden Heerenveen Bij Heerenveen Lokaal geloven we dat een goede bereikbaarheid de sleutel is tot een bloeiende gemeenschap. Of het nu gaat om veilige fietspaden, effici\u00ebnte openbaar vervoersverbindingen of goed onderhouden wegen, wij zetten ons in om Heerenveen toegankelijker te maken voor iedereen. Onze partij streeft naar duurzame en [&hellip;]<\/p>\n","protected":false},"author":3,"featured_media":3154,"parent":0,"menu_order":0,"comment_status":"closed","ping_status":"closed","template":"","meta":{"_acf_changed":false,"footnotes":""},"categories":[],"tags":[],"class_list":["post-3152","page","type-page","status-publish","has-post-thumbnail","hentry"],"acf":[],"yoast_head":"<!-- This site is optimized with the Yoast SEO plugin v27.4 - https:\/\/yoast.com\/product\/yoast-seo-wordpress\/ -->\n<title>Heerenveen Lokaal \u2013 Voor een beter verbonden Heerenveen - Politiek Heerenveen - Heerenveen Lokaal<\/title>\n<meta name=\"description\" content=\"Ontdek Heerenveen Lokaal, de politieke partij die zich inzet voor betere bereikbaarheid in Heerenveen. Veiligere fietspaden, effici\u00ebnte OV-verbindingen en duurzaam beleid zorgen voor een toegankelijke en verbonden stad.\" \/>\n<meta name=\"robots\" content=\"index, follow, max-snippet:-1, max-image-preview:large, max-video-preview:-1\" \/>\n<link rel=\"canonical\" href=\"https:\/\/heerenveenlokaal.nl\/fy\/heerenveen-lokaal-voor-een-beter-verbonden-heerenveen\/\" \/>\n<meta property=\"og:locale\" content=\"en_US\" \/>\n<meta property=\"og:type\" content=\"article\" \/>\n<meta property=\"og:title\" content=\"Heerenveen Lokaal \u2013 Voor een beter verbonden Heerenveen - Politiek Heerenveen - Heerenveen Lokaal\" \/>\n<meta property=\"og:description\" content=\"Ontdek Heerenveen Lokaal, de politieke partij die zich inzet voor betere bereikbaarheid in Heerenveen. Veiligere fietspaden, effici\u00ebnte OV-verbindingen en duurzaam beleid zorgen voor een toegankelijke en verbonden stad.\" \/>\n<meta property=\"og:url\" content=\"https:\/\/heerenveenlokaal.nl\/fy\/heerenveen-lokaal-voor-een-beter-verbonden-heerenveen\/\" \/>\n<meta property=\"og:site_name\" content=\"Politiek Heerenveen - Heerenveen Lokaal\" \/>\n<meta property=\"article:modified_time\" content=\"2025-03-21T20:55:23+00:00\" \/>\n<meta property=\"og:image\" content=\"https:\/\/heerenveenlokaal.nl\/wp-content\/uploads\/2025\/03\/goede-bereikbaarheid-heerenveen.webp\" \/>\n\t<meta property=\"og:image:width\" content=\"726\" \/>\n\t<meta property=\"og:image:height\" content=\"438\" \/>\n\t<meta property=\"og:image:type\" content=\"image\/webp\" \/>\n<meta name=\"twitter:card\" content=\"summary_large_image\" \/>\n<meta name=\"twitter:label1\" content=\"Est. l\u00eastiid\" \/>\n\t<meta name=\"twitter:data1\" content=\"1 min\u00fat\" \/>\n<script type=\"application\/ld+json\" class=\"yoast-schema-graph\">{\"@context\":\"https:\\\/\\\/schema.org\",\"@graph\":[{\"@type\":\"WebPage\",\"@id\":\"https:\\\/\\\/heerenveenlokaal.nl\\\/heerenveen-lokaal-voor-een-beter-verbonden-heerenveen\\\/\",\"url\":\"https:\\\/\\\/heerenveenlokaal.nl\\\/heerenveen-lokaal-voor-een-beter-verbonden-heerenveen\\\/\",\"name\":\"Heerenveen Lokaal \u2013 Voor een beter verbonden Heerenveen - Politiek Heerenveen - Heerenveen Lokaal\",\"isPartOf\":{\"@id\":\"https:\\\/\\\/heerenveenlokaal.nl\\\/#website\"},\"primaryImageOfPage\":{\"@id\":\"https:\\\/\\\/heerenveenlokaal.nl\\\/heerenveen-lokaal-voor-een-beter-verbonden-heerenveen\\\/#primaryimage\"},\"image\":{\"@id\":\"https:\\\/\\\/heerenveenlokaal.nl\\\/heerenveen-lokaal-voor-een-beter-verbonden-heerenveen\\\/#primaryimage\"},\"thumbnailUrl\":\"https:\\\/\\\/heerenveenlokaal.nl\\\/wp-content\\\/uploads\\\/2025\\\/03\\\/goede-bereikbaarheid-heerenveen.webp\",\"datePublished\":\"2025-03-21T20:52:39+00:00\",\"dateModified\":\"2025-03-21T20:55:23+00:00\",\"description\":\"Ontdek Heerenveen Lokaal, de politieke partij die zich inzet voor betere bereikbaarheid in Heerenveen. Veiligere fietspaden, effici\u00ebnte OV-verbindingen en duurzaam beleid zorgen voor een toegankelijke en verbonden stad.\",\"breadcrumb\":{\"@id\":\"https:\\\/\\\/heerenveenlokaal.nl\\\/heerenveen-lokaal-voor-een-beter-verbonden-heerenveen\\\/#breadcrumb\"},\"inLanguage\":\"fy\",\"potentialAction\":[{\"@type\":\"ReadAction\",\"target\":[\"https:\\\/\\\/heerenveenlokaal.nl\\\/heerenveen-lokaal-voor-een-beter-verbonden-heerenveen\\\/\"]}]},{\"@type\":\"ImageObject\",\"inLanguage\":\"fy\",\"@id\":\"https:\\\/\\\/heerenveenlokaal.nl\\\/heerenveen-lokaal-voor-een-beter-verbonden-heerenveen\\\/#primaryimage\",\"url\":\"https:\\\/\\\/heerenveenlokaal.nl\\\/wp-content\\\/uploads\\\/2025\\\/03\\\/goede-bereikbaarheid-heerenveen.webp\",\"contentUrl\":\"https:\\\/\\\/heerenveenlokaal.nl\\\/wp-content\\\/uploads\\\/2025\\\/03\\\/goede-bereikbaarheid-heerenveen.webp\",\"width\":726,\"height\":438,\"caption\":\"heerenveen lokaal is voor goede bereikbaarheid\"},{\"@type\":\"BreadcrumbList\",\"@id\":\"https:\\\/\\\/heerenveenlokaal.nl\\\/heerenveen-lokaal-voor-een-beter-verbonden-heerenveen\\\/#breadcrumb\",\"itemListElement\":[{\"@type\":\"ListItem\",\"position\":1,\"name\":\"Home\",\"item\":\"https:\\\/\\\/heerenveenlokaal.nl\\\/\"},{\"@type\":\"ListItem\",\"position\":2,\"name\":\"Heerenveen Lokaal \u2013 Voor een beter verbonden Heerenveen\"}]},{\"@type\":\"WebSite\",\"@id\":\"https:\\\/\\\/heerenveenlokaal.nl\\\/#website\",\"url\":\"https:\\\/\\\/heerenveenlokaal.nl\\\/\",\"name\":\"Politiek Heerenveen - Heerenveen Lokaal\",\"description\":\"\",\"publisher\":{\"@id\":\"https:\\\/\\\/heerenveenlokaal.nl\\\/#organization\"},\"potentialAction\":[{\"@type\":\"SearchAction\",\"target\":{\"@type\":\"EntryPoint\",\"urlTemplate\":\"https:\\\/\\\/heerenveenlokaal.nl\\\/?s={search_term_string}\"},\"query-input\":{\"@type\":\"PropertyValueSpecification\",\"valueRequired\":true,\"valueName\":\"search_term_string\"}}],\"inLanguage\":\"fy\"},{\"@type\":\"Organization\",\"@id\":\"https:\\\/\\\/heerenveenlokaal.nl\\\/#organization\",\"name\":\"Politiek Heerenveen - Heerenveen Lokaal\",\"url\":\"https:\\\/\\\/heerenveenlokaal.nl\\\/\",\"logo\":{\"@type\":\"ImageObject\",\"inLanguage\":\"fy\",\"@id\":\"https:\\\/\\\/heerenveenlokaal.nl\\\/#\\\/schema\\\/logo\\\/image\\\/\",\"url\":\"https:\\\/\\\/heerenveenlokaal.nl\\\/wp-content\\\/uploads\\\/2019\\\/05\\\/cropped-cropped-Logo_Heerenveen_Lokaal_web.jpg\",\"contentUrl\":\"https:\\\/\\\/heerenveenlokaal.nl\\\/wp-content\\\/uploads\\\/2019\\\/05\\\/cropped-cropped-Logo_Heerenveen_Lokaal_web.jpg\",\"width\":512,\"height\":512,\"caption\":\"Politiek Heerenveen - Heerenveen Lokaal\"},\"image\":{\"@id\":\"https:\\\/\\\/heerenveenlokaal.nl\\\/#\\\/schema\\\/logo\\\/image\\\/\"}}]}<\/script>\n<!-- \/ Yoast SEO plugin. -->","yoast_head_json":{"title":"Heerenveen Lokaal \u2013 Voor een beter verbonden Heerenveen - Politiek Heerenveen - Heerenveen Lokaal","description":"Ontdek Heerenveen Lokaal, de politieke partij die zich inzet voor betere bereikbaarheid in Heerenveen. Veiligere fietspaden, effici\u00ebnte OV-verbindingen en duurzaam beleid zorgen voor een toegankelijke en verbonden stad.","robots":{"index":"index","follow":"follow","max-snippet":"max-snippet:-1","max-image-preview":"max-image-preview:large","max-video-preview":"max-video-preview:-1"},"canonical":"https:\/\/heerenveenlokaal.nl\/fy\/heerenveen-lokaal-voor-een-beter-verbonden-heerenveen\/","og_locale":"en_US","og_type":"article","og_title":"Heerenveen Lokaal \u2013 Voor een beter verbonden Heerenveen - Politiek Heerenveen - Heerenveen Lokaal","og_description":"Ontdek Heerenveen Lokaal, de politieke partij die zich inzet voor betere bereikbaarheid in Heerenveen. Veiligere fietspaden, effici\u00ebnte OV-verbindingen en duurzaam beleid zorgen voor een toegankelijke en verbonden stad.","og_url":"https:\/\/heerenveenlokaal.nl\/fy\/heerenveen-lokaal-voor-een-beter-verbonden-heerenveen\/","og_site_name":"Politiek Heerenveen - Heerenveen Lokaal","article_modified_time":"2025-03-21T20:55:23+00:00","og_image":[{"width":726,"height":438,"url":"https:\/\/heerenveenlokaal.nl\/wp-content\/uploads\/2025\/03\/goede-bereikbaarheid-heerenveen.webp","type":"image\/webp"}],"twitter_card":"summary_large_image","twitter_misc":{"Est. l\u00eastiid":"1 min\u00fat"},"schema":{"@context":"https:\/\/schema.org","@graph":[{"@type":"WebPage","@id":"https:\/\/heerenveenlokaal.nl\/heerenveen-lokaal-voor-een-beter-verbonden-heerenveen\/","url":"https:\/\/heerenveenlokaal.nl\/heerenveen-lokaal-voor-een-beter-verbonden-heerenveen\/","name":"Heerenveen Lokaal \u2013 Voor een beter verbonden Heerenveen - Politiek Heerenveen - Heerenveen Lokaal","isPartOf":{"@id":"https:\/\/heerenveenlokaal.nl\/#website"},"primaryImageOfPage":{"@id":"https:\/\/heerenveenlokaal.nl\/heerenveen-lokaal-voor-een-beter-verbonden-heerenveen\/#primaryimage"},"image":{"@id":"https:\/\/heerenveenlokaal.nl\/heerenveen-lokaal-voor-een-beter-verbonden-heerenveen\/#primaryimage"},"thumbnailUrl":"https:\/\/heerenveenlokaal.nl\/wp-content\/uploads\/2025\/03\/goede-bereikbaarheid-heerenveen.webp","datePublished":"2025-03-21T20:52:39+00:00","dateModified":"2025-03-21T20:55:23+00:00","description":"Ontdek Heerenveen Lokaal, de politieke partij die zich inzet voor betere bereikbaarheid in Heerenveen. Veiligere fietspaden, effici\u00ebnte OV-verbindingen en duurzaam beleid zorgen voor een toegankelijke en verbonden stad.","breadcrumb":{"@id":"https:\/\/heerenveenlokaal.nl\/heerenveen-lokaal-voor-een-beter-verbonden-heerenveen\/#breadcrumb"},"inLanguage":"fy","potentialAction":[{"@type":"ReadAction","target":["https:\/\/heerenveenlokaal.nl\/heerenveen-lokaal-voor-een-beter-verbonden-heerenveen\/"]}]},{"@type":"ImageObject","inLanguage":"fy","@id":"https:\/\/heerenveenlokaal.nl\/heerenveen-lokaal-voor-een-beter-verbonden-heerenveen\/#primaryimage","url":"https:\/\/heerenveenlokaal.nl\/wp-content\/uploads\/2025\/03\/goede-bereikbaarheid-heerenveen.webp","contentUrl":"https:\/\/heerenveenlokaal.nl\/wp-content\/uploads\/2025\/03\/goede-bereikbaarheid-heerenveen.webp","width":726,"height":438,"caption":"heerenveen lokaal is voor goede bereikbaarheid"},{"@type":"BreadcrumbList","@id":"https:\/\/heerenveenlokaal.nl\/heerenveen-lokaal-voor-een-beter-verbonden-heerenveen\/#breadcrumb","itemListElement":[{"@type":"ListItem","position":1,"name":"Home","item":"https:\/\/heerenveenlokaal.nl\/"},{"@type":"ListItem","position":2,"name":"Heerenveen Lokaal \u2013 Voor een beter verbonden Heerenveen"}]},{"@type":"WebSite","@id":"https:\/\/heerenveenlokaal.nl\/#website","url":"https:\/\/heerenveenlokaal.nl\/","name":"Politiek Heerenveen - Heerenveen Lokaal","description":"","publisher":{"@id":"https:\/\/heerenveenlokaal.nl\/#organization"},"potentialAction":[{"@type":"SearchAction","target":{"@type":"EntryPoint","urlTemplate":"https:\/\/heerenveenlokaal.nl\/?s={search_term_string}"},"query-input":{"@type":"PropertyValueSpecification","valueRequired":true,"valueName":"search_term_string"}}],"inLanguage":"fy"},{"@type":"Organization","@id":"https:\/\/heerenveenlokaal.nl\/#organization","name":"Politiek Heerenveen - Heerenveen Lokaal","url":"https:\/\/heerenveenlokaal.nl\/","logo":{"@type":"ImageObject","inLanguage":"fy","@id":"https:\/\/heerenveenlokaal.nl\/#\/schema\/logo\/image\/","url":"https:\/\/heerenveenlokaal.nl\/wp-content\/uploads\/2019\/05\/cropped-cropped-Logo_Heerenveen_Lokaal_web.jpg","contentUrl":"https:\/\/heerenveenlokaal.nl\/wp-content\/uploads\/2019\/05\/cropped-cropped-Logo_Heerenveen_Lokaal_web.jpg","width":512,"height":512,"caption":"Politiek Heerenveen - Heerenveen Lokaal"},"image":{"@id":"https:\/\/heerenveenlokaal.nl\/#\/schema\/logo\/image\/"}}]}},"_links":{"self":[{"href":"https:\/\/heerenveenlokaal.nl\/fy\/wp-json\/wp\/v2\/pages\/3152","targetHints":{"allow":["GET"]}}],"collection":[{"href":"https:\/\/heerenveenlokaal.nl\/fy\/wp-json\/wp\/v2\/pages"}],"about":[{"href":"https:\/\/heerenveenlokaal.nl\/fy\/wp-json\/wp\/v2\/types\/page"}],"author":[{"embeddable":true,"href":"https:\/\/heerenveenlokaal.nl\/fy\/wp-json\/wp\/v2\/users\/3"}],"replies":[{"embeddable":true,"href":"https:\/\/heerenveenlokaal.nl\/fy\/wp-json\/wp\/v2\/comments?post=3152"}],"version-history":[{"count":0,"href":"https:\/\/heerenveenlokaal.nl\/fy\/wp-json\/wp\/v2\/pages\/3152\/revisions"}],"wp:featuredmedia":[{"embeddable":true,"href":"https:\/\/heerenveenlokaal.nl\/fy\/wp-json\/wp\/v2\/media\/3154"}],"wp:attachment":[{"href":"https:\/\/heerenveenlokaal.nl\/fy\/wp-json\/wp\/v2\/media?parent=3152"}],"wp:term":[{"taxonomy":"category","embeddable":true,"href":"https:\/\/heerenveenlokaal.nl\/fy\/wp-json\/wp\/v2\/categories?post=3152"},{"taxonomy":"post_tag","embeddable":true,"href":"https:\/\/heerenveenlokaal.nl\/fy\/wp-json\/wp\/v2\/tags?post=3152"}],"curies":[{"name":"wp","href":"https:\/\/api.w.org\/{rel}","templated":true}]}}