{"id":3747,"date":"2025-06-22T12:42:56","date_gmt":"2025-06-22T10:42:56","guid":{"rendered":"https:\/\/heerenveenlokaal.nl\/?page_id=3747"},"modified":"2025-12-09T16:39:33","modified_gmt":"2025-12-09T15:39:33","slug":"uw-stem-telt","status":"publish","type":"page","link":"https:\/\/heerenveenlokaal.nl\/fy\/uw-stem-telt\/","title":{"rendered":"Dyn stim telt"},"content":{"rendered":"<div data-elementor-type=\"wp-page\" data-elementor-id=\"3747\" class=\"elementor elementor-3747\" data-elementor-post-type=\"page\">\n\t\t\t\t<div class=\"elementor-element elementor-element-f6750d6 e-flex e-con-boxed e-con e-parent\" data-id=\"f6750d6\" data-element_type=\"container\" data-e-type=\"container\">\n\t\t\t\t\t<div class=\"e-con-inner\">\n\t\t\t\t<div class=\"elementor-element elementor-element-0d40e1b elementor-widget elementor-widget-heading\" data-id=\"0d40e1b\" data-element_type=\"widget\" data-e-type=\"widget\" data-widget_type=\"heading.default\">\n\t\t\t\t<div class=\"elementor-widget-container\">\n\t\t\t\t\t<h2 class=\"elementor-heading-title elementor-size-default\">Dyn stim telt<\/h2>\t\t\t\t<\/div>\n\t\t\t\t<\/div>\n\t\t\t\t\t<\/div>\n\t\t\t\t<\/div>\n\t\t<div class=\"elementor-element elementor-element-01dc783 e-flex e-con-boxed e-con e-parent\" data-id=\"01dc783\" data-element_type=\"container\" data-e-type=\"container\">\n\t\t\t\t\t<div class=\"e-con-inner\">\n\t\t\t\t<div class=\"elementor-element elementor-element-46df855 elementor-widget elementor-widget-image\" data-id=\"46df855\" data-element_type=\"widget\" data-e-type=\"widget\" data-widget_type=\"image.default\">\n\t\t\t\t<div class=\"elementor-widget-container\">\n\t\t\t\t\t\t\t\t\t\t\t\t\t\t\t<img fetchpriority=\"high\" decoding=\"async\" width=\"300\" height=\"196\" src=\"https:\/\/heerenveenlokaal.nl\/wp-content\/uploads\/2025\/06\/Heerenveen-Lokaal-poll-300x196.webp\" class=\"attachment-medium size-medium wp-image-3766\" alt=\"Jouw stem telt\" srcset=\"https:\/\/heerenveenlokaal.nl\/wp-content\/uploads\/2025\/06\/Heerenveen-Lokaal-poll-300x196.webp 300w, https:\/\/heerenveenlokaal.nl\/wp-content\/uploads\/2025\/06\/Heerenveen-Lokaal-poll-1024x670.webp 1024w, https:\/\/heerenveenlokaal.nl\/wp-content\/uploads\/2025\/06\/Heerenveen-Lokaal-poll-768x502.webp 768w, https:\/\/heerenveenlokaal.nl\/wp-content\/uploads\/2025\/06\/Heerenveen-Lokaal-poll.webp 1248w\" sizes=\"(max-width: 300px) 100vw, 300px\" \/>\t\t\t\t\t\t\t\t\t\t\t\t\t\t\t<\/div>\n\t\t\t\t<\/div>\n\t\t\t\t<div class=\"elementor-element elementor-element-b6f9dd4 elementor-widget elementor-widget-text-editor\" data-id=\"b6f9dd4\" data-element_type=\"widget\" data-e-type=\"widget\" data-widget_type=\"text-editor.default\">\n\t\t\t\t<div class=\"elementor-widget-container\">\n\t\t\t\t\t\t\t\t\t<p><strong>Dyn stim telt - Lit dysels hearre!<\/strong> Op dizze side kinne ynwenners fan &#039;e gemeente It Hearrenfean harren mieningen diele oer aktuele \u00fbnderwerpen. Elke kear is der in nije enk\u00eate beskikber, sadat jo jo miening jaan kinne. Stim no en meitsje mei \u00fas it ferskil!<\/p>\t\t\t\t\t\t\t\t<\/div>\n\t\t\t\t<\/div>\n\t\t\t\t\t<\/div>\n\t\t\t\t<\/div>\n\t\t<div class=\"elementor-element elementor-element-35e6e45 e-flex e-con-boxed e-con e-parent\" data-id=\"35e6e45\" data-element_type=\"container\" data-e-type=\"container\">\n\t\t\t\t\t<div class=\"e-con-inner\">\n\t\t\t\t<div class=\"elementor-element elementor-element-81b9923 elementor-widget elementor-widget-shortcode\" data-id=\"81b9923\" data-element_type=\"widget\" data-e-type=\"widget\" data-widget_type=\"shortcode.default\">\n\t\t\t\t<div class=\"elementor-widget-container\">\n\t\t\t\t\t\t\t<div class=\"elementor-shortcode\"><div class='bootstrap-yop yop-poll-mc'>\n\t\t\t\t\t\t\t<div class=\"yop-poll-container\" data-id=\"1\" data-ajax=\"1\" data-tid=\"\" data-pid=\"3747\" data-show-results-only=\"false\"><\/div>\n\t\t\t\t\t\t<\/div><\/div>\n\t\t\t\t\t\t<\/div>\n\t\t\t\t<\/div>\n\t\t\t\t\t<\/div>\n\t\t\t\t<\/div>\n\t\t\t\t<\/div>","protected":false},"excerpt":{"rendered":"<p>De gemeente Heerenveen wil betaald parkeren invoeren bij Sportstad \u20ac2,50 per dag voor wie even komt sporten, trainen, revalideren of aanmoedigen. Een plek waar jong en oud zich elke dag inzetten voor sport, gezondheid en gemeenschapszin.<\/p>","protected":false},"author":3,"featured_media":3766,"parent":0,"menu_order":0,"comment_status":"closed","ping_status":"closed","template":"","meta":{"_acf_changed":false,"footnotes":""},"categories":[],"tags":[14,78],"class_list":["post-3747","page","type-page","status-publish","has-post-thumbnail","hentry","tag-maakonsgroot","tag-politiek-heerenveen"],"acf":[],"yoast_head":"<!-- This site is optimized with the Yoast SEO plugin v27.4 - https:\/\/yoast.com\/product\/yoast-seo-wordpress\/ -->\n<title>Uw stem telt - Politiek Heerenveen - Heerenveen Lokaal<\/title>\n<meta name=\"description\" content=\"De gemeente Heerenveen wil betaald parkeren invoeren bij Sportstad \u20ac2,50 per dag voor wie even komt sporten, trainen, revalideren of aanmoedigen. Een plek waar jong en oud zich elke dag inzetten voor sport, gezondheid en gemeenschapszin.\" \/>\n<meta name=\"robots\" content=\"index, follow, max-snippet:-1, max-image-preview:large, max-video-preview:-1\" \/>\n<link rel=\"canonical\" href=\"https:\/\/heerenveenlokaal.nl\/fy\/uw-stem-telt\/\" \/>\n<meta property=\"og:locale\" content=\"en_US\" \/>\n<meta property=\"og:type\" content=\"article\" \/>\n<meta property=\"og:title\" content=\"Uw stem telt - Politiek Heerenveen - Heerenveen Lokaal\" \/>\n<meta property=\"og:description\" content=\"De gemeente Heerenveen wil betaald parkeren invoeren bij Sportstad \u20ac2,50 per dag voor wie even komt sporten, trainen, revalideren of aanmoedigen. Een plek waar jong en oud zich elke dag inzetten voor sport, gezondheid en gemeenschapszin.\" \/>\n<meta property=\"og:url\" content=\"https:\/\/heerenveenlokaal.nl\/fy\/uw-stem-telt\/\" \/>\n<meta property=\"og:site_name\" content=\"Politiek Heerenveen - Heerenveen Lokaal\" \/>\n<meta property=\"article:modified_time\" content=\"2025-12-09T15:39:33+00:00\" \/>\n<meta property=\"og:image\" content=\"https:\/\/heerenveenlokaal.nl\/wp-content\/uploads\/2025\/06\/Heerenveen-Lokaal-poll.webp\" \/>\n\t<meta property=\"og:image:width\" content=\"1248\" \/>\n\t<meta property=\"og:image:height\" content=\"816\" \/>\n\t<meta property=\"og:image:type\" content=\"image\/webp\" \/>\n<meta name=\"twitter:card\" content=\"summary_large_image\" \/>\n<meta name=\"twitter:label1\" content=\"Est. l\u00eastiid\" \/>\n\t<meta name=\"twitter:data1\" content=\"1 min\u00fat\" \/>\n<script type=\"application\/ld+json\" class=\"yoast-schema-graph\">{\"@context\":\"https:\\\/\\\/schema.org\",\"@graph\":[{\"@type\":\"WebPage\",\"@id\":\"https:\\\/\\\/heerenveenlokaal.nl\\\/uw-stem-telt\\\/\",\"url\":\"https:\\\/\\\/heerenveenlokaal.nl\\\/uw-stem-telt\\\/\",\"name\":\"Uw stem telt - Politiek Heerenveen - Heerenveen Lokaal\",\"isPartOf\":{\"@id\":\"https:\\\/\\\/heerenveenlokaal.nl\\\/#website\"},\"primaryImageOfPage\":{\"@id\":\"https:\\\/\\\/heerenveenlokaal.nl\\\/uw-stem-telt\\\/#primaryimage\"},\"image\":{\"@id\":\"https:\\\/\\\/heerenveenlokaal.nl\\\/uw-stem-telt\\\/#primaryimage\"},\"thumbnailUrl\":\"https:\\\/\\\/heerenveenlokaal.nl\\\/wp-content\\\/uploads\\\/2025\\\/06\\\/Heerenveen-Lokaal-poll.webp\",\"datePublished\":\"2025-06-22T10:42:56+00:00\",\"dateModified\":\"2025-12-09T15:39:33+00:00\",\"description\":\"De gemeente Heerenveen wil betaald parkeren invoeren bij Sportstad \u20ac2,50 per dag voor wie even komt sporten, trainen, revalideren of aanmoedigen. Een plek waar jong en oud zich elke dag inzetten voor sport, gezondheid en gemeenschapszin.\",\"breadcrumb\":{\"@id\":\"https:\\\/\\\/heerenveenlokaal.nl\\\/uw-stem-telt\\\/#breadcrumb\"},\"inLanguage\":\"fy\",\"potentialAction\":[{\"@type\":\"ReadAction\",\"target\":[\"https:\\\/\\\/heerenveenlokaal.nl\\\/uw-stem-telt\\\/\"]}]},{\"@type\":\"ImageObject\",\"inLanguage\":\"fy\",\"@id\":\"https:\\\/\\\/heerenveenlokaal.nl\\\/uw-stem-telt\\\/#primaryimage\",\"url\":\"https:\\\/\\\/heerenveenlokaal.nl\\\/wp-content\\\/uploads\\\/2025\\\/06\\\/Heerenveen-Lokaal-poll.webp\",\"contentUrl\":\"https:\\\/\\\/heerenveenlokaal.nl\\\/wp-content\\\/uploads\\\/2025\\\/06\\\/Heerenveen-Lokaal-poll.webp\",\"width\":1248,\"height\":816,\"caption\":\"Jouw stem telt\"},{\"@type\":\"BreadcrumbList\",\"@id\":\"https:\\\/\\\/heerenveenlokaal.nl\\\/uw-stem-telt\\\/#breadcrumb\",\"itemListElement\":[{\"@type\":\"ListItem\",\"position\":1,\"name\":\"Home\",\"item\":\"https:\\\/\\\/heerenveenlokaal.nl\\\/\"},{\"@type\":\"ListItem\",\"position\":2,\"name\":\"Uw stem telt\"}]},{\"@type\":\"WebSite\",\"@id\":\"https:\\\/\\\/heerenveenlokaal.nl\\\/#website\",\"url\":\"https:\\\/\\\/heerenveenlokaal.nl\\\/\",\"name\":\"Politiek Heerenveen - Heerenveen Lokaal\",\"description\":\"\",\"publisher\":{\"@id\":\"https:\\\/\\\/heerenveenlokaal.nl\\\/#organization\"},\"potentialAction\":[{\"@type\":\"SearchAction\",\"target\":{\"@type\":\"EntryPoint\",\"urlTemplate\":\"https:\\\/\\\/heerenveenlokaal.nl\\\/?s={search_term_string}\"},\"query-input\":{\"@type\":\"PropertyValueSpecification\",\"valueRequired\":true,\"valueName\":\"search_term_string\"}}],\"inLanguage\":\"fy\"},{\"@type\":\"Organization\",\"@id\":\"https:\\\/\\\/heerenveenlokaal.nl\\\/#organization\",\"name\":\"Politiek Heerenveen - Heerenveen Lokaal\",\"url\":\"https:\\\/\\\/heerenveenlokaal.nl\\\/\",\"logo\":{\"@type\":\"ImageObject\",\"inLanguage\":\"fy\",\"@id\":\"https:\\\/\\\/heerenveenlokaal.nl\\\/#\\\/schema\\\/logo\\\/image\\\/\",\"url\":\"https:\\\/\\\/heerenveenlokaal.nl\\\/wp-content\\\/uploads\\\/2019\\\/05\\\/cropped-cropped-Logo_Heerenveen_Lokaal_web.jpg\",\"contentUrl\":\"https:\\\/\\\/heerenveenlokaal.nl\\\/wp-content\\\/uploads\\\/2019\\\/05\\\/cropped-cropped-Logo_Heerenveen_Lokaal_web.jpg\",\"width\":512,\"height\":512,\"caption\":\"Politiek Heerenveen - Heerenveen Lokaal\"},\"image\":{\"@id\":\"https:\\\/\\\/heerenveenlokaal.nl\\\/#\\\/schema\\\/logo\\\/image\\\/\"}}]}<\/script>\n<!-- \/ Yoast SEO plugin. -->","yoast_head_json":{"title":"Uw stem telt - Politiek Heerenveen - Heerenveen Lokaal","description":"De gemeente Heerenveen wil betaald parkeren invoeren bij Sportstad \u20ac2,50 per dag voor wie even komt sporten, trainen, revalideren of aanmoedigen. Een plek waar jong en oud zich elke dag inzetten voor sport, gezondheid en gemeenschapszin.","robots":{"index":"index","follow":"follow","max-snippet":"max-snippet:-1","max-image-preview":"max-image-preview:large","max-video-preview":"max-video-preview:-1"},"canonical":"https:\/\/heerenveenlokaal.nl\/fy\/uw-stem-telt\/","og_locale":"en_US","og_type":"article","og_title":"Uw stem telt - Politiek Heerenveen - Heerenveen Lokaal","og_description":"De gemeente Heerenveen wil betaald parkeren invoeren bij Sportstad \u20ac2,50 per dag voor wie even komt sporten, trainen, revalideren of aanmoedigen. Een plek waar jong en oud zich elke dag inzetten voor sport, gezondheid en gemeenschapszin.","og_url":"https:\/\/heerenveenlokaal.nl\/fy\/uw-stem-telt\/","og_site_name":"Politiek Heerenveen - Heerenveen Lokaal","article_modified_time":"2025-12-09T15:39:33+00:00","og_image":[{"width":1248,"height":816,"url":"https:\/\/heerenveenlokaal.nl\/wp-content\/uploads\/2025\/06\/Heerenveen-Lokaal-poll.webp","type":"image\/webp"}],"twitter_card":"summary_large_image","twitter_misc":{"Est. l\u00eastiid":"1 min\u00fat"},"schema":{"@context":"https:\/\/schema.org","@graph":[{"@type":"WebPage","@id":"https:\/\/heerenveenlokaal.nl\/uw-stem-telt\/","url":"https:\/\/heerenveenlokaal.nl\/uw-stem-telt\/","name":"Uw stem telt - Politiek Heerenveen - Heerenveen Lokaal","isPartOf":{"@id":"https:\/\/heerenveenlokaal.nl\/#website"},"primaryImageOfPage":{"@id":"https:\/\/heerenveenlokaal.nl\/uw-stem-telt\/#primaryimage"},"image":{"@id":"https:\/\/heerenveenlokaal.nl\/uw-stem-telt\/#primaryimage"},"thumbnailUrl":"https:\/\/heerenveenlokaal.nl\/wp-content\/uploads\/2025\/06\/Heerenveen-Lokaal-poll.webp","datePublished":"2025-06-22T10:42:56+00:00","dateModified":"2025-12-09T15:39:33+00:00","description":"De gemeente Heerenveen wil betaald parkeren invoeren bij Sportstad \u20ac2,50 per dag voor wie even komt sporten, trainen, revalideren of aanmoedigen. Een plek waar jong en oud zich elke dag inzetten voor sport, gezondheid en gemeenschapszin.","breadcrumb":{"@id":"https:\/\/heerenveenlokaal.nl\/uw-stem-telt\/#breadcrumb"},"inLanguage":"fy","potentialAction":[{"@type":"ReadAction","target":["https:\/\/heerenveenlokaal.nl\/uw-stem-telt\/"]}]},{"@type":"ImageObject","inLanguage":"fy","@id":"https:\/\/heerenveenlokaal.nl\/uw-stem-telt\/#primaryimage","url":"https:\/\/heerenveenlokaal.nl\/wp-content\/uploads\/2025\/06\/Heerenveen-Lokaal-poll.webp","contentUrl":"https:\/\/heerenveenlokaal.nl\/wp-content\/uploads\/2025\/06\/Heerenveen-Lokaal-poll.webp","width":1248,"height":816,"caption":"Jouw stem telt"},{"@type":"BreadcrumbList","@id":"https:\/\/heerenveenlokaal.nl\/uw-stem-telt\/#breadcrumb","itemListElement":[{"@type":"ListItem","position":1,"name":"Home","item":"https:\/\/heerenveenlokaal.nl\/"},{"@type":"ListItem","position":2,"name":"Uw stem telt"}]},{"@type":"WebSite","@id":"https:\/\/heerenveenlokaal.nl\/#website","url":"https:\/\/heerenveenlokaal.nl\/","name":"Politiek Heerenveen - Heerenveen Lokaal","description":"","publisher":{"@id":"https:\/\/heerenveenlokaal.nl\/#organization"},"potentialAction":[{"@type":"SearchAction","target":{"@type":"EntryPoint","urlTemplate":"https:\/\/heerenveenlokaal.nl\/?s={search_term_string}"},"query-input":{"@type":"PropertyValueSpecification","valueRequired":true,"valueName":"search_term_string"}}],"inLanguage":"fy"},{"@type":"Organization","@id":"https:\/\/heerenveenlokaal.nl\/#organization","name":"Politiek Heerenveen - Heerenveen Lokaal","url":"https:\/\/heerenveenlokaal.nl\/","logo":{"@type":"ImageObject","inLanguage":"fy","@id":"https:\/\/heerenveenlokaal.nl\/#\/schema\/logo\/image\/","url":"https:\/\/heerenveenlokaal.nl\/wp-content\/uploads\/2019\/05\/cropped-cropped-Logo_Heerenveen_Lokaal_web.jpg","contentUrl":"https:\/\/heerenveenlokaal.nl\/wp-content\/uploads\/2019\/05\/cropped-cropped-Logo_Heerenveen_Lokaal_web.jpg","width":512,"height":512,"caption":"Politiek Heerenveen - Heerenveen Lokaal"},"image":{"@id":"https:\/\/heerenveenlokaal.nl\/#\/schema\/logo\/image\/"}}]}},"_links":{"self":[{"href":"https:\/\/heerenveenlokaal.nl\/fy\/wp-json\/wp\/v2\/pages\/3747","targetHints":{"allow":["GET"]}}],"collection":[{"href":"https:\/\/heerenveenlokaal.nl\/fy\/wp-json\/wp\/v2\/pages"}],"about":[{"href":"https:\/\/heerenveenlokaal.nl\/fy\/wp-json\/wp\/v2\/types\/page"}],"author":[{"embeddable":true,"href":"https:\/\/heerenveenlokaal.nl\/fy\/wp-json\/wp\/v2\/users\/3"}],"replies":[{"embeddable":true,"href":"https:\/\/heerenveenlokaal.nl\/fy\/wp-json\/wp\/v2\/comments?post=3747"}],"version-history":[{"count":28,"href":"https:\/\/heerenveenlokaal.nl\/fy\/wp-json\/wp\/v2\/pages\/3747\/revisions"}],"predecessor-version":[{"id":4608,"href":"https:\/\/heerenveenlokaal.nl\/fy\/wp-json\/wp\/v2\/pages\/3747\/revisions\/4608"}],"wp:featuredmedia":[{"embeddable":true,"href":"https:\/\/heerenveenlokaal.nl\/fy\/wp-json\/wp\/v2\/media\/3766"}],"wp:attachment":[{"href":"https:\/\/heerenveenlokaal.nl\/fy\/wp-json\/wp\/v2\/media?parent=3747"}],"wp:term":[{"taxonomy":"category","embeddable":true,"href":"https:\/\/heerenveenlokaal.nl\/fy\/wp-json\/wp\/v2\/categories?post=3747"},{"taxonomy":"post_tag","embeddable":true,"href":"https:\/\/heerenveenlokaal.nl\/fy\/wp-json\/wp\/v2\/tags?post=3747"}],"curies":[{"name":"wp","href":"https:\/\/api.w.org\/{rel}","templated":true}]}}