{"id":5062,"date":"2026-01-15T21:42:42","date_gmt":"2026-01-15T20:42:42","guid":{"rendered":"https:\/\/heerenveenlokaal.nl\/?page_id=5062"},"modified":"2026-01-15T21:46:12","modified_gmt":"2026-01-15T20:46:12","slug":"harm-jan-roubos","status":"publish","type":"page","link":"https:\/\/heerenveenlokaal.nl\/fy\/harm-jan-roubos\/","title":{"rendered":"Harm Jan Roubos"},"content":{"rendered":"<div data-elementor-type=\"wp-page\" data-elementor-id=\"5062\" class=\"elementor elementor-5062\" data-elementor-post-type=\"page\">\n\t\t\t\t<div class=\"elementor-element elementor-element-dc06a18 e-flex e-con-boxed e-con e-parent\" data-id=\"dc06a18\" data-element_type=\"container\" data-e-type=\"container\">\n\t\t\t\t\t<div class=\"e-con-inner\">\n\t\t\t\t<div class=\"elementor-element elementor-element-bf3d894 elementor-widget elementor-widget-heading\" data-id=\"bf3d894\" data-element_type=\"widget\" data-e-type=\"widget\" data-widget_type=\"heading.default\">\n\t\t\t\t<div class=\"elementor-widget-container\">\n\t\t\t\t\t<h1 class=\"elementor-heading-title elementor-size-default\">Harm-Jan Roubos #28<\/h1>\t\t\t\t<\/div>\n\t\t\t\t<\/div>\n\t\t\t\t\t<\/div>\n\t\t\t\t<\/div>\n\t\t<div class=\"elementor-element elementor-element-64533e0 e-flex e-con-boxed e-con e-parent\" data-id=\"64533e0\" data-element_type=\"container\" data-e-type=\"container\">\n\t\t\t\t\t<div class=\"e-con-inner\">\n\t\t\t\t<div class=\"elementor-element elementor-element-b7da921 elementor-widget elementor-widget-image\" data-id=\"b7da921\" data-element_type=\"widget\" data-e-type=\"widget\" data-widget_type=\"image.default\">\n\t\t\t\t<div class=\"elementor-widget-container\">\n\t\t\t\t\t\t\t\t\t\t\t\t<figure class=\"wp-caption\">\n\t\t\t\t\t\t\t\t\t\t<img fetchpriority=\"high\" decoding=\"async\" width=\"768\" height=\"1024\" src=\"https:\/\/heerenveenlokaal.nl\/wp-content\/uploads\/2026\/01\/28-Harm-Jan-Roubos-768x1024.webp\" class=\"attachment-medium_large size-medium_large wp-image-5064\" alt=\"#28 Harm-Jan Roubos Heerenveen Lokaal\" srcset=\"https:\/\/heerenveenlokaal.nl\/wp-content\/uploads\/2026\/01\/28-Harm-Jan-Roubos-768x1024.webp 768w, https:\/\/heerenveenlokaal.nl\/wp-content\/uploads\/2026\/01\/28-Harm-Jan-Roubos-225x300.webp 225w, https:\/\/heerenveenlokaal.nl\/wp-content\/uploads\/2026\/01\/28-Harm-Jan-Roubos-1152x1536.webp 1152w, https:\/\/heerenveenlokaal.nl\/wp-content\/uploads\/2026\/01\/28-Harm-Jan-Roubos-9x12.webp 9w, https:\/\/heerenveenlokaal.nl\/wp-content\/uploads\/2026\/01\/28-Harm-Jan-Roubos.webp 1200w\" sizes=\"(max-width: 768px) 100vw, 768px\" \/>\t\t\t\t\t\t\t\t\t\t\t<figcaption class=\"widget-image-caption wp-caption-text\">#28 Harm-Jan Roubos<\/figcaption>\n\t\t\t\t\t\t\t\t\t\t<\/figure>\n\t\t\t\t\t\t\t\t\t<\/div>\n\t\t\t\t<\/div>\n\t\t\t\t<div class=\"elementor-element elementor-element-5cccf62 elementor-widget elementor-widget-text-editor\" data-id=\"5cccf62\" data-element_type=\"widget\" data-e-type=\"widget\" data-widget_type=\"text-editor.default\">\n\t\t\t\t<div class=\"elementor-widget-container\">\n\t\t\t\t\t\t\t\t\t<p>Ik ben Harm-Jan Roubos, geboren in 1974 in Geldrop en woon sinds 2006 in Heerenveen. In de afgelopen jaren is Friesland echt mijn thuis geworden. Ik voel me hier verbonden met de mensen en de manier van leven.<\/p>\n<p>Als aannemer weet ik hoe belangrijk persoonlijk contact is. E\u00e9n-op-\u00e9\u00e9n contact met klanten staat bij mij centraal. Luisteren, afspraken nakomen en samen tot oplossingen komen. Die manier van werken wil ik ook meenemen in de politiek, want de mening van de burger moet altijd voorop staan.<\/p>\n<p>Ik vind dat politiek laagdrempelig en bereikbaar moet zijn voor iedereen. Mensen moeten makkelijk hun verhaal kwijt kunnen en serieus genomen worden. Heerenveen Lokaal maakt dit waar en daarom zet ik mij graag voor deze partij in. Daarnaast vind ik het belangrijk dat er betaalbare woningen komen, zodat ook onze jeugd een toekomst kan opbouwen in Heerenveen.<\/p>\n<h4>Met een nuchtere instelling en een open houding wil ik mij inzetten voor een gemeente waar iedereen zich thuis en gehoord voelt.<\/h4>\t\t\t\t\t\t\t\t<\/div>\n\t\t\t\t<\/div>\n\t\t\t\t\t<\/div>\n\t\t\t\t<\/div>\n\t\t\t\t<\/div>","protected":false},"excerpt":{"rendered":"<p>Harm-Jan Roubos #28 #28 Harm-Jan Roubos Ik ben Harm-Jan Roubos, geboren in 1974 in Geldrop en woon sinds 2006 in Heerenveen. In de afgelopen jaren is Friesland echt mijn thuis geworden. Ik voel me hier verbonden met de mensen en de manier van leven. Als aannemer weet ik hoe belangrijk persoonlijk contact is. E\u00e9n-op-\u00e9\u00e9n contact [&hellip;]<\/p>\n","protected":false},"author":3,"featured_media":5064,"parent":0,"menu_order":0,"comment_status":"closed","ping_status":"closed","template":"","meta":{"_acf_changed":false,"footnotes":""},"categories":[],"tags":[],"class_list":["post-5062","page","type-page","status-publish","has-post-thumbnail","hentry"],"acf":[],"yoast_head":"<!-- This site is optimized with the Yoast SEO plugin v27.3 - https:\/\/yoast.com\/product\/yoast-seo-wordpress\/ -->\n<title>Harm Jan Roubos - Politiek Heerenveen - Heerenveen Lokaal<\/title>\n<meta name=\"robots\" content=\"index, follow, max-snippet:-1, max-image-preview:large, max-video-preview:-1\" \/>\n<link rel=\"canonical\" href=\"https:\/\/heerenveenlokaal.nl\/fy\/harm-jan-roubos\/\" \/>\n<meta property=\"og:locale\" content=\"en_US\" \/>\n<meta property=\"og:type\" content=\"article\" \/>\n<meta property=\"og:title\" content=\"Harm Jan Roubos - Politiek Heerenveen - Heerenveen Lokaal\" \/>\n<meta property=\"og:description\" content=\"Harm-Jan Roubos #28 #28 Harm-Jan Roubos Ik ben Harm-Jan Roubos, geboren in 1974 in Geldrop en woon sinds 2006 in Heerenveen. In de afgelopen jaren is Friesland echt mijn thuis geworden. Ik voel me hier verbonden met de mensen en de manier van leven. Als aannemer weet ik hoe belangrijk persoonlijk contact is. E\u00e9n-op-\u00e9\u00e9n contact [&hellip;]\" \/>\n<meta property=\"og:url\" content=\"https:\/\/heerenveenlokaal.nl\/fy\/harm-jan-roubos\/\" \/>\n<meta property=\"og:site_name\" content=\"Politiek Heerenveen - Heerenveen Lokaal\" \/>\n<meta property=\"article:modified_time\" content=\"2026-01-15T20:46:12+00:00\" \/>\n<meta property=\"og:image\" content=\"https:\/\/heerenveenlokaal.nl\/wp-content\/uploads\/2026\/01\/28-Harm-Jan-Roubos.webp\" \/>\n\t<meta property=\"og:image:width\" content=\"1200\" \/>\n\t<meta property=\"og:image:height\" content=\"1600\" \/>\n\t<meta property=\"og:image:type\" content=\"image\/webp\" \/>\n<meta name=\"twitter:card\" content=\"summary_large_image\" \/>\n<meta name=\"twitter:label1\" content=\"Est. l\u00eastiid\" \/>\n\t<meta name=\"twitter:data1\" content=\"1 min\u00fat\" \/>\n<script type=\"application\/ld+json\" class=\"yoast-schema-graph\">{\"@context\":\"https:\\\/\\\/schema.org\",\"@graph\":[{\"@type\":\"WebPage\",\"@id\":\"https:\\\/\\\/heerenveenlokaal.nl\\\/harm-jan-roubos\\\/\",\"url\":\"https:\\\/\\\/heerenveenlokaal.nl\\\/harm-jan-roubos\\\/\",\"name\":\"Harm Jan Roubos - Politiek Heerenveen - Heerenveen Lokaal\",\"isPartOf\":{\"@id\":\"https:\\\/\\\/heerenveenlokaal.nl\\\/#website\"},\"primaryImageOfPage\":{\"@id\":\"https:\\\/\\\/heerenveenlokaal.nl\\\/harm-jan-roubos\\\/#primaryimage\"},\"image\":{\"@id\":\"https:\\\/\\\/heerenveenlokaal.nl\\\/harm-jan-roubos\\\/#primaryimage\"},\"thumbnailUrl\":\"https:\\\/\\\/heerenveenlokaal.nl\\\/wp-content\\\/uploads\\\/2026\\\/01\\\/28-Harm-Jan-Roubos.webp\",\"datePublished\":\"2026-01-15T20:42:42+00:00\",\"dateModified\":\"2026-01-15T20:46:12+00:00\",\"breadcrumb\":{\"@id\":\"https:\\\/\\\/heerenveenlokaal.nl\\\/harm-jan-roubos\\\/#breadcrumb\"},\"inLanguage\":\"fy\",\"potentialAction\":[{\"@type\":\"ReadAction\",\"target\":[\"https:\\\/\\\/heerenveenlokaal.nl\\\/harm-jan-roubos\\\/\"]}]},{\"@type\":\"ImageObject\",\"inLanguage\":\"fy\",\"@id\":\"https:\\\/\\\/heerenveenlokaal.nl\\\/harm-jan-roubos\\\/#primaryimage\",\"url\":\"https:\\\/\\\/heerenveenlokaal.nl\\\/wp-content\\\/uploads\\\/2026\\\/01\\\/28-Harm-Jan-Roubos.webp\",\"contentUrl\":\"https:\\\/\\\/heerenveenlokaal.nl\\\/wp-content\\\/uploads\\\/2026\\\/01\\\/28-Harm-Jan-Roubos.webp\",\"width\":1200,\"height\":1600,\"caption\":\"#28 Harm-Jan Roubos\"},{\"@type\":\"BreadcrumbList\",\"@id\":\"https:\\\/\\\/heerenveenlokaal.nl\\\/harm-jan-roubos\\\/#breadcrumb\",\"itemListElement\":[{\"@type\":\"ListItem\",\"position\":1,\"name\":\"Home\",\"item\":\"https:\\\/\\\/heerenveenlokaal.nl\\\/\"},{\"@type\":\"ListItem\",\"position\":2,\"name\":\"Harm Jan Roubos\"}]},{\"@type\":\"WebSite\",\"@id\":\"https:\\\/\\\/heerenveenlokaal.nl\\\/#website\",\"url\":\"https:\\\/\\\/heerenveenlokaal.nl\\\/\",\"name\":\"Politiek Heerenveen - Heerenveen Lokaal\",\"description\":\"\",\"publisher\":{\"@id\":\"https:\\\/\\\/heerenveenlokaal.nl\\\/#organization\"},\"potentialAction\":[{\"@type\":\"SearchAction\",\"target\":{\"@type\":\"EntryPoint\",\"urlTemplate\":\"https:\\\/\\\/heerenveenlokaal.nl\\\/?s={search_term_string}\"},\"query-input\":{\"@type\":\"PropertyValueSpecification\",\"valueRequired\":true,\"valueName\":\"search_term_string\"}}],\"inLanguage\":\"fy\"},{\"@type\":\"Organization\",\"@id\":\"https:\\\/\\\/heerenveenlokaal.nl\\\/#organization\",\"name\":\"Politiek Heerenveen - Heerenveen Lokaal\",\"url\":\"https:\\\/\\\/heerenveenlokaal.nl\\\/\",\"logo\":{\"@type\":\"ImageObject\",\"inLanguage\":\"fy\",\"@id\":\"https:\\\/\\\/heerenveenlokaal.nl\\\/#\\\/schema\\\/logo\\\/image\\\/\",\"url\":\"https:\\\/\\\/heerenveenlokaal.nl\\\/wp-content\\\/uploads\\\/2019\\\/05\\\/cropped-cropped-Logo_Heerenveen_Lokaal_web.jpg\",\"contentUrl\":\"https:\\\/\\\/heerenveenlokaal.nl\\\/wp-content\\\/uploads\\\/2019\\\/05\\\/cropped-cropped-Logo_Heerenveen_Lokaal_web.jpg\",\"width\":512,\"height\":512,\"caption\":\"Politiek Heerenveen - Heerenveen Lokaal\"},\"image\":{\"@id\":\"https:\\\/\\\/heerenveenlokaal.nl\\\/#\\\/schema\\\/logo\\\/image\\\/\"}}]}<\/script>\n<!-- \/ Yoast SEO plugin. -->","yoast_head_json":{"title":"Harm Jan Roubos - Politiek Heerenveen - Heerenveen Lokaal","robots":{"index":"index","follow":"follow","max-snippet":"max-snippet:-1","max-image-preview":"max-image-preview:large","max-video-preview":"max-video-preview:-1"},"canonical":"https:\/\/heerenveenlokaal.nl\/fy\/harm-jan-roubos\/","og_locale":"en_US","og_type":"article","og_title":"Harm Jan Roubos - Politiek Heerenveen - Heerenveen Lokaal","og_description":"Harm-Jan Roubos #28 #28 Harm-Jan Roubos Ik ben Harm-Jan Roubos, geboren in 1974 in Geldrop en woon sinds 2006 in Heerenveen. In de afgelopen jaren is Friesland echt mijn thuis geworden. Ik voel me hier verbonden met de mensen en de manier van leven. Als aannemer weet ik hoe belangrijk persoonlijk contact is. E\u00e9n-op-\u00e9\u00e9n contact [&hellip;]","og_url":"https:\/\/heerenveenlokaal.nl\/fy\/harm-jan-roubos\/","og_site_name":"Politiek Heerenveen - Heerenveen Lokaal","article_modified_time":"2026-01-15T20:46:12+00:00","og_image":[{"width":1200,"height":1600,"url":"https:\/\/heerenveenlokaal.nl\/wp-content\/uploads\/2026\/01\/28-Harm-Jan-Roubos.webp","type":"image\/webp"}],"twitter_card":"summary_large_image","twitter_misc":{"Est. l\u00eastiid":"1 min\u00fat"},"schema":{"@context":"https:\/\/schema.org","@graph":[{"@type":"WebPage","@id":"https:\/\/heerenveenlokaal.nl\/harm-jan-roubos\/","url":"https:\/\/heerenveenlokaal.nl\/harm-jan-roubos\/","name":"Harm Jan Roubos - Politiek Heerenveen - Heerenveen Lokaal","isPartOf":{"@id":"https:\/\/heerenveenlokaal.nl\/#website"},"primaryImageOfPage":{"@id":"https:\/\/heerenveenlokaal.nl\/harm-jan-roubos\/#primaryimage"},"image":{"@id":"https:\/\/heerenveenlokaal.nl\/harm-jan-roubos\/#primaryimage"},"thumbnailUrl":"https:\/\/heerenveenlokaal.nl\/wp-content\/uploads\/2026\/01\/28-Harm-Jan-Roubos.webp","datePublished":"2026-01-15T20:42:42+00:00","dateModified":"2026-01-15T20:46:12+00:00","breadcrumb":{"@id":"https:\/\/heerenveenlokaal.nl\/harm-jan-roubos\/#breadcrumb"},"inLanguage":"fy","potentialAction":[{"@type":"ReadAction","target":["https:\/\/heerenveenlokaal.nl\/harm-jan-roubos\/"]}]},{"@type":"ImageObject","inLanguage":"fy","@id":"https:\/\/heerenveenlokaal.nl\/harm-jan-roubos\/#primaryimage","url":"https:\/\/heerenveenlokaal.nl\/wp-content\/uploads\/2026\/01\/28-Harm-Jan-Roubos.webp","contentUrl":"https:\/\/heerenveenlokaal.nl\/wp-content\/uploads\/2026\/01\/28-Harm-Jan-Roubos.webp","width":1200,"height":1600,"caption":"#28 Harm-Jan Roubos"},{"@type":"BreadcrumbList","@id":"https:\/\/heerenveenlokaal.nl\/harm-jan-roubos\/#breadcrumb","itemListElement":[{"@type":"ListItem","position":1,"name":"Home","item":"https:\/\/heerenveenlokaal.nl\/"},{"@type":"ListItem","position":2,"name":"Harm Jan Roubos"}]},{"@type":"WebSite","@id":"https:\/\/heerenveenlokaal.nl\/#website","url":"https:\/\/heerenveenlokaal.nl\/","name":"Politiek Heerenveen - Heerenveen Lokaal","description":"","publisher":{"@id":"https:\/\/heerenveenlokaal.nl\/#organization"},"potentialAction":[{"@type":"SearchAction","target":{"@type":"EntryPoint","urlTemplate":"https:\/\/heerenveenlokaal.nl\/?s={search_term_string}"},"query-input":{"@type":"PropertyValueSpecification","valueRequired":true,"valueName":"search_term_string"}}],"inLanguage":"fy"},{"@type":"Organization","@id":"https:\/\/heerenveenlokaal.nl\/#organization","name":"Politiek Heerenveen - Heerenveen Lokaal","url":"https:\/\/heerenveenlokaal.nl\/","logo":{"@type":"ImageObject","inLanguage":"fy","@id":"https:\/\/heerenveenlokaal.nl\/#\/schema\/logo\/image\/","url":"https:\/\/heerenveenlokaal.nl\/wp-content\/uploads\/2019\/05\/cropped-cropped-Logo_Heerenveen_Lokaal_web.jpg","contentUrl":"https:\/\/heerenveenlokaal.nl\/wp-content\/uploads\/2019\/05\/cropped-cropped-Logo_Heerenveen_Lokaal_web.jpg","width":512,"height":512,"caption":"Politiek Heerenveen - Heerenveen Lokaal"},"image":{"@id":"https:\/\/heerenveenlokaal.nl\/#\/schema\/logo\/image\/"}}]}},"_links":{"self":[{"href":"https:\/\/heerenveenlokaal.nl\/fy\/wp-json\/wp\/v2\/pages\/5062","targetHints":{"allow":["GET"]}}],"collection":[{"href":"https:\/\/heerenveenlokaal.nl\/fy\/wp-json\/wp\/v2\/pages"}],"about":[{"href":"https:\/\/heerenveenlokaal.nl\/fy\/wp-json\/wp\/v2\/types\/page"}],"author":[{"embeddable":true,"href":"https:\/\/heerenveenlokaal.nl\/fy\/wp-json\/wp\/v2\/users\/3"}],"replies":[{"embeddable":true,"href":"https:\/\/heerenveenlokaal.nl\/fy\/wp-json\/wp\/v2\/comments?post=5062"}],"version-history":[{"count":4,"href":"https:\/\/heerenveenlokaal.nl\/fy\/wp-json\/wp\/v2\/pages\/5062\/revisions"}],"predecessor-version":[{"id":5067,"href":"https:\/\/heerenveenlokaal.nl\/fy\/wp-json\/wp\/v2\/pages\/5062\/revisions\/5067"}],"wp:featuredmedia":[{"embeddable":true,"href":"https:\/\/heerenveenlokaal.nl\/fy\/wp-json\/wp\/v2\/media\/5064"}],"wp:attachment":[{"href":"https:\/\/heerenveenlokaal.nl\/fy\/wp-json\/wp\/v2\/media?parent=5062"}],"wp:term":[{"taxonomy":"category","embeddable":true,"href":"https:\/\/heerenveenlokaal.nl\/fy\/wp-json\/wp\/v2\/categories?post=5062"},{"taxonomy":"post_tag","embeddable":true,"href":"https:\/\/heerenveenlokaal.nl\/fy\/wp-json\/wp\/v2\/tags?post=5062"}],"curies":[{"name":"wp","href":"https:\/\/api.w.org\/{rel}","templated":true}]}}