{"id":5068,"date":"2026-01-15T21:48:17","date_gmt":"2026-01-15T20:48:17","guid":{"rendered":"https:\/\/heerenveenlokaal.nl\/?page_id=5068"},"modified":"2026-01-15T21:51:33","modified_gmt":"2026-01-15T20:51:33","slug":"femke-woudstra","status":"publish","type":"page","link":"https:\/\/heerenveenlokaal.nl\/fy\/femke-woudstra\/","title":{"rendered":"Femke Woudstra"},"content":{"rendered":"<div data-elementor-type=\"wp-page\" data-elementor-id=\"5068\" class=\"elementor elementor-5068\" data-elementor-post-type=\"page\">\n\t\t\t\t<div class=\"elementor-element elementor-element-3433a2d e-flex e-con-boxed e-con e-parent\" data-id=\"3433a2d\" data-element_type=\"container\" data-e-type=\"container\">\n\t\t\t\t\t<div class=\"e-con-inner\">\n\t\t\t\t<div class=\"elementor-element elementor-element-8ff02f8 elementor-widget elementor-widget-heading\" data-id=\"8ff02f8\" data-element_type=\"widget\" data-e-type=\"widget\" data-widget_type=\"heading.default\">\n\t\t\t\t<div class=\"elementor-widget-container\">\n\t\t\t\t\t<h1 class=\"elementor-heading-title elementor-size-default\">Femke Woudstra #26<\/h1>\t\t\t\t<\/div>\n\t\t\t\t<\/div>\n\t\t\t\t\t<\/div>\n\t\t\t\t<\/div>\n\t\t<div class=\"elementor-element elementor-element-64d37a5 e-flex e-con-boxed e-con e-parent\" data-id=\"64d37a5\" data-element_type=\"container\" data-e-type=\"container\">\n\t\t\t\t\t<div class=\"e-con-inner\">\n\t\t\t\t<div class=\"elementor-element elementor-element-411ec8d elementor-widget elementor-widget-image\" data-id=\"411ec8d\" data-element_type=\"widget\" data-e-type=\"widget\" data-widget_type=\"image.default\">\n\t\t\t\t<div class=\"elementor-widget-container\">\n\t\t\t\t\t\t\t\t\t\t\t\t<figure class=\"wp-caption\">\n\t\t\t\t\t\t\t\t\t\t<img fetchpriority=\"high\" decoding=\"async\" width=\"768\" height=\"1367\" src=\"https:\/\/heerenveenlokaal.nl\/wp-content\/uploads\/2026\/01\/26-Femke-Woudstra-Heerenveen-Lokaal-768x1367.jpeg\" class=\"attachment-medium_large size-medium_large wp-image-5070\" alt=\"#26 Femke Woudstra Heerenveen Lokaal\" srcset=\"https:\/\/heerenveenlokaal.nl\/wp-content\/uploads\/2026\/01\/26-Femke-Woudstra-Heerenveen-Lokaal-768x1367.jpeg 768w, https:\/\/heerenveenlokaal.nl\/wp-content\/uploads\/2026\/01\/26-Femke-Woudstra-Heerenveen-Lokaal-169x300.jpeg 169w, https:\/\/heerenveenlokaal.nl\/wp-content\/uploads\/2026\/01\/26-Femke-Woudstra-Heerenveen-Lokaal-575x1024.jpeg 575w, https:\/\/heerenveenlokaal.nl\/wp-content\/uploads\/2026\/01\/26-Femke-Woudstra-Heerenveen-Lokaal-863x1536.jpeg 863w, https:\/\/heerenveenlokaal.nl\/wp-content\/uploads\/2026\/01\/26-Femke-Woudstra-Heerenveen-Lokaal-7x12.jpeg 7w, https:\/\/heerenveenlokaal.nl\/wp-content\/uploads\/2026\/01\/26-Femke-Woudstra-Heerenveen-Lokaal.jpeg 899w\" sizes=\"(max-width: 768px) 100vw, 768px\" \/>\t\t\t\t\t\t\t\t\t\t\t<figcaption class=\"widget-image-caption wp-caption-text\">#26 Femke Woudstra<\/figcaption>\n\t\t\t\t\t\t\t\t\t\t<\/figure>\n\t\t\t\t\t\t\t\t\t<\/div>\n\t\t\t\t<\/div>\n\t\t\t\t<div class=\"elementor-element elementor-element-f2adc52 elementor-widget elementor-widget-text-editor\" data-id=\"f2adc52\" data-element_type=\"widget\" data-e-type=\"widget\" data-widget_type=\"text-editor.default\">\n\t\t\t\t<div class=\"elementor-widget-container\">\n\t\t\t\t\t\t\t\t\t<p>Mijn naam is Femke Woudstra. Ik ben geboren in Friesland in 1974 en woon sinds 2008 met veel plezier in Heerenveen. In Friesland zijn we nuchter, betrokken en hebben oog voor elkaar. Die waarden neem ik elke dag mee in alles wat ik doe.<\/p><p>Bij NHL Stenden Hogeschool werk ik op het gebied van internationalisering. Ik begeleid en ondersteun studenten die een deel (semester) van hun studie in het buitenland willen volgen. Het is mooi om jongeren te helpen hun blik te verbreden en ervaringen op te doen die hen sterker maken voor de toekomst.<\/p><p>De denkwijze van Heerenveen Lokaal past bij mij. Eerst luisteren naar inwoners, dan onderzoeken en pas daarna besluiten nemen. Geen plannen over de hoofden van mensen heen, maar samen bouwen aan onze gemeente.<\/p><p>De mienskip staat voor mij op nummer \u00e9\u00e9n. Dat betekent oog hebben voor leefbaarheid, betaalbaar parkeren en realistische keuzes rondom opvang (AZC) m\u00e9t draagvlak.<\/p><h4>Ik wil mij inzetten voor een sterk en sociaal Heerenveen, waar inwoners zich gehoord voelen en waar gezond verstand leidend is. Sterk en Sociaal, Stem Heerenveen Lokaal.<\/h4>\t\t\t\t\t\t\t\t<\/div>\n\t\t\t\t<\/div>\n\t\t\t\t\t<\/div>\n\t\t\t\t<\/div>\n\t\t\t\t<\/div>","protected":false},"excerpt":{"rendered":"<p>Femke Woudstra #26 #26 Femke Woudstra Mijn naam is Femke Woudstra. Ik ben geboren in Friesland in 1974 en woon sinds 2008 met veel plezier in Heerenveen. In Friesland zijn we nuchter, betrokken en hebben oog voor elkaar. Die waarden neem ik elke dag mee in alles wat ik doe. Bij NHL Stenden Hogeschool werk [&hellip;]<\/p>\n","protected":false},"author":3,"featured_media":5070,"parent":0,"menu_order":0,"comment_status":"closed","ping_status":"closed","template":"","meta":{"_acf_changed":false,"footnotes":""},"categories":[],"tags":[],"class_list":["post-5068","page","type-page","status-publish","has-post-thumbnail","hentry"],"acf":[],"yoast_head":"<!-- This site is optimized with the Yoast SEO plugin v27.3 - https:\/\/yoast.com\/product\/yoast-seo-wordpress\/ -->\n<title>Femke Woudstra - Politiek Heerenveen - Heerenveen Lokaal<\/title>\n<meta name=\"robots\" content=\"index, follow, max-snippet:-1, max-image-preview:large, max-video-preview:-1\" \/>\n<link rel=\"canonical\" href=\"https:\/\/heerenveenlokaal.nl\/fy\/femke-woudstra\/\" \/>\n<meta property=\"og:locale\" content=\"en_US\" \/>\n<meta property=\"og:type\" content=\"article\" \/>\n<meta property=\"og:title\" content=\"Femke Woudstra - Politiek Heerenveen - Heerenveen Lokaal\" \/>\n<meta property=\"og:description\" content=\"Femke Woudstra #26 #26 Femke Woudstra Mijn naam is Femke Woudstra. Ik ben geboren in Friesland in 1974 en woon sinds 2008 met veel plezier in Heerenveen. In Friesland zijn we nuchter, betrokken en hebben oog voor elkaar. Die waarden neem ik elke dag mee in alles wat ik doe. Bij NHL Stenden Hogeschool werk [&hellip;]\" \/>\n<meta property=\"og:url\" content=\"https:\/\/heerenveenlokaal.nl\/fy\/femke-woudstra\/\" \/>\n<meta property=\"og:site_name\" content=\"Politiek Heerenveen - Heerenveen Lokaal\" \/>\n<meta property=\"article:modified_time\" content=\"2026-01-15T20:51:33+00:00\" \/>\n<meta property=\"og:image\" content=\"https:\/\/heerenveenlokaal.nl\/wp-content\/uploads\/2026\/01\/26-Femke-Woudstra-Heerenveen-Lokaal.jpeg\" \/>\n\t<meta property=\"og:image:width\" content=\"899\" \/>\n\t<meta property=\"og:image:height\" content=\"1600\" \/>\n\t<meta property=\"og:image:type\" content=\"image\/jpeg\" \/>\n<meta name=\"twitter:card\" content=\"summary_large_image\" \/>\n<meta name=\"twitter:label1\" content=\"Est. l\u00eastiid\" \/>\n\t<meta name=\"twitter:data1\" content=\"1 min\u00fat\" \/>\n<script type=\"application\/ld+json\" class=\"yoast-schema-graph\">{\"@context\":\"https:\\\/\\\/schema.org\",\"@graph\":[{\"@type\":\"WebPage\",\"@id\":\"https:\\\/\\\/heerenveenlokaal.nl\\\/femke-woudstra\\\/\",\"url\":\"https:\\\/\\\/heerenveenlokaal.nl\\\/femke-woudstra\\\/\",\"name\":\"Femke Woudstra - Politiek Heerenveen - Heerenveen Lokaal\",\"isPartOf\":{\"@id\":\"https:\\\/\\\/heerenveenlokaal.nl\\\/#website\"},\"primaryImageOfPage\":{\"@id\":\"https:\\\/\\\/heerenveenlokaal.nl\\\/femke-woudstra\\\/#primaryimage\"},\"image\":{\"@id\":\"https:\\\/\\\/heerenveenlokaal.nl\\\/femke-woudstra\\\/#primaryimage\"},\"thumbnailUrl\":\"https:\\\/\\\/heerenveenlokaal.nl\\\/wp-content\\\/uploads\\\/2026\\\/01\\\/26-Femke-Woudstra-Heerenveen-Lokaal.jpeg\",\"datePublished\":\"2026-01-15T20:48:17+00:00\",\"dateModified\":\"2026-01-15T20:51:33+00:00\",\"breadcrumb\":{\"@id\":\"https:\\\/\\\/heerenveenlokaal.nl\\\/femke-woudstra\\\/#breadcrumb\"},\"inLanguage\":\"fy\",\"potentialAction\":[{\"@type\":\"ReadAction\",\"target\":[\"https:\\\/\\\/heerenveenlokaal.nl\\\/femke-woudstra\\\/\"]}]},{\"@type\":\"ImageObject\",\"inLanguage\":\"fy\",\"@id\":\"https:\\\/\\\/heerenveenlokaal.nl\\\/femke-woudstra\\\/#primaryimage\",\"url\":\"https:\\\/\\\/heerenveenlokaal.nl\\\/wp-content\\\/uploads\\\/2026\\\/01\\\/26-Femke-Woudstra-Heerenveen-Lokaal.jpeg\",\"contentUrl\":\"https:\\\/\\\/heerenveenlokaal.nl\\\/wp-content\\\/uploads\\\/2026\\\/01\\\/26-Femke-Woudstra-Heerenveen-Lokaal.jpeg\",\"width\":899,\"height\":1600,\"caption\":\"#26 Femke Woudstra\"},{\"@type\":\"BreadcrumbList\",\"@id\":\"https:\\\/\\\/heerenveenlokaal.nl\\\/femke-woudstra\\\/#breadcrumb\",\"itemListElement\":[{\"@type\":\"ListItem\",\"position\":1,\"name\":\"Home\",\"item\":\"https:\\\/\\\/heerenveenlokaal.nl\\\/\"},{\"@type\":\"ListItem\",\"position\":2,\"name\":\"Femke Woudstra\"}]},{\"@type\":\"WebSite\",\"@id\":\"https:\\\/\\\/heerenveenlokaal.nl\\\/#website\",\"url\":\"https:\\\/\\\/heerenveenlokaal.nl\\\/\",\"name\":\"Politiek Heerenveen - Heerenveen Lokaal\",\"description\":\"\",\"publisher\":{\"@id\":\"https:\\\/\\\/heerenveenlokaal.nl\\\/#organization\"},\"potentialAction\":[{\"@type\":\"SearchAction\",\"target\":{\"@type\":\"EntryPoint\",\"urlTemplate\":\"https:\\\/\\\/heerenveenlokaal.nl\\\/?s={search_term_string}\"},\"query-input\":{\"@type\":\"PropertyValueSpecification\",\"valueRequired\":true,\"valueName\":\"search_term_string\"}}],\"inLanguage\":\"fy\"},{\"@type\":\"Organization\",\"@id\":\"https:\\\/\\\/heerenveenlokaal.nl\\\/#organization\",\"name\":\"Politiek Heerenveen - Heerenveen Lokaal\",\"url\":\"https:\\\/\\\/heerenveenlokaal.nl\\\/\",\"logo\":{\"@type\":\"ImageObject\",\"inLanguage\":\"fy\",\"@id\":\"https:\\\/\\\/heerenveenlokaal.nl\\\/#\\\/schema\\\/logo\\\/image\\\/\",\"url\":\"https:\\\/\\\/heerenveenlokaal.nl\\\/wp-content\\\/uploads\\\/2019\\\/05\\\/cropped-cropped-Logo_Heerenveen_Lokaal_web.jpg\",\"contentUrl\":\"https:\\\/\\\/heerenveenlokaal.nl\\\/wp-content\\\/uploads\\\/2019\\\/05\\\/cropped-cropped-Logo_Heerenveen_Lokaal_web.jpg\",\"width\":512,\"height\":512,\"caption\":\"Politiek Heerenveen - Heerenveen Lokaal\"},\"image\":{\"@id\":\"https:\\\/\\\/heerenveenlokaal.nl\\\/#\\\/schema\\\/logo\\\/image\\\/\"}}]}<\/script>\n<!-- \/ Yoast SEO plugin. -->","yoast_head_json":{"title":"Femke Woudstra - Politiek Heerenveen - Heerenveen Lokaal","robots":{"index":"index","follow":"follow","max-snippet":"max-snippet:-1","max-image-preview":"max-image-preview:large","max-video-preview":"max-video-preview:-1"},"canonical":"https:\/\/heerenveenlokaal.nl\/fy\/femke-woudstra\/","og_locale":"en_US","og_type":"article","og_title":"Femke Woudstra - Politiek Heerenveen - Heerenveen Lokaal","og_description":"Femke Woudstra #26 #26 Femke Woudstra Mijn naam is Femke Woudstra. Ik ben geboren in Friesland in 1974 en woon sinds 2008 met veel plezier in Heerenveen. In Friesland zijn we nuchter, betrokken en hebben oog voor elkaar. Die waarden neem ik elke dag mee in alles wat ik doe. Bij NHL Stenden Hogeschool werk [&hellip;]","og_url":"https:\/\/heerenveenlokaal.nl\/fy\/femke-woudstra\/","og_site_name":"Politiek Heerenveen - Heerenveen Lokaal","article_modified_time":"2026-01-15T20:51:33+00:00","og_image":[{"width":899,"height":1600,"url":"https:\/\/heerenveenlokaal.nl\/wp-content\/uploads\/2026\/01\/26-Femke-Woudstra-Heerenveen-Lokaal.jpeg","type":"image\/jpeg"}],"twitter_card":"summary_large_image","twitter_misc":{"Est. l\u00eastiid":"1 min\u00fat"},"schema":{"@context":"https:\/\/schema.org","@graph":[{"@type":"WebPage","@id":"https:\/\/heerenveenlokaal.nl\/femke-woudstra\/","url":"https:\/\/heerenveenlokaal.nl\/femke-woudstra\/","name":"Femke Woudstra - Politiek Heerenveen - Heerenveen Lokaal","isPartOf":{"@id":"https:\/\/heerenveenlokaal.nl\/#website"},"primaryImageOfPage":{"@id":"https:\/\/heerenveenlokaal.nl\/femke-woudstra\/#primaryimage"},"image":{"@id":"https:\/\/heerenveenlokaal.nl\/femke-woudstra\/#primaryimage"},"thumbnailUrl":"https:\/\/heerenveenlokaal.nl\/wp-content\/uploads\/2026\/01\/26-Femke-Woudstra-Heerenveen-Lokaal.jpeg","datePublished":"2026-01-15T20:48:17+00:00","dateModified":"2026-01-15T20:51:33+00:00","breadcrumb":{"@id":"https:\/\/heerenveenlokaal.nl\/femke-woudstra\/#breadcrumb"},"inLanguage":"fy","potentialAction":[{"@type":"ReadAction","target":["https:\/\/heerenveenlokaal.nl\/femke-woudstra\/"]}]},{"@type":"ImageObject","inLanguage":"fy","@id":"https:\/\/heerenveenlokaal.nl\/femke-woudstra\/#primaryimage","url":"https:\/\/heerenveenlokaal.nl\/wp-content\/uploads\/2026\/01\/26-Femke-Woudstra-Heerenveen-Lokaal.jpeg","contentUrl":"https:\/\/heerenveenlokaal.nl\/wp-content\/uploads\/2026\/01\/26-Femke-Woudstra-Heerenveen-Lokaal.jpeg","width":899,"height":1600,"caption":"#26 Femke Woudstra"},{"@type":"BreadcrumbList","@id":"https:\/\/heerenveenlokaal.nl\/femke-woudstra\/#breadcrumb","itemListElement":[{"@type":"ListItem","position":1,"name":"Home","item":"https:\/\/heerenveenlokaal.nl\/"},{"@type":"ListItem","position":2,"name":"Femke Woudstra"}]},{"@type":"WebSite","@id":"https:\/\/heerenveenlokaal.nl\/#website","url":"https:\/\/heerenveenlokaal.nl\/","name":"Politiek Heerenveen - Heerenveen Lokaal","description":"","publisher":{"@id":"https:\/\/heerenveenlokaal.nl\/#organization"},"potentialAction":[{"@type":"SearchAction","target":{"@type":"EntryPoint","urlTemplate":"https:\/\/heerenveenlokaal.nl\/?s={search_term_string}"},"query-input":{"@type":"PropertyValueSpecification","valueRequired":true,"valueName":"search_term_string"}}],"inLanguage":"fy"},{"@type":"Organization","@id":"https:\/\/heerenveenlokaal.nl\/#organization","name":"Politiek Heerenveen - Heerenveen Lokaal","url":"https:\/\/heerenveenlokaal.nl\/","logo":{"@type":"ImageObject","inLanguage":"fy","@id":"https:\/\/heerenveenlokaal.nl\/#\/schema\/logo\/image\/","url":"https:\/\/heerenveenlokaal.nl\/wp-content\/uploads\/2019\/05\/cropped-cropped-Logo_Heerenveen_Lokaal_web.jpg","contentUrl":"https:\/\/heerenveenlokaal.nl\/wp-content\/uploads\/2019\/05\/cropped-cropped-Logo_Heerenveen_Lokaal_web.jpg","width":512,"height":512,"caption":"Politiek Heerenveen - Heerenveen Lokaal"},"image":{"@id":"https:\/\/heerenveenlokaal.nl\/#\/schema\/logo\/image\/"}}]}},"_links":{"self":[{"href":"https:\/\/heerenveenlokaal.nl\/fy\/wp-json\/wp\/v2\/pages\/5068","targetHints":{"allow":["GET"]}}],"collection":[{"href":"https:\/\/heerenveenlokaal.nl\/fy\/wp-json\/wp\/v2\/pages"}],"about":[{"href":"https:\/\/heerenveenlokaal.nl\/fy\/wp-json\/wp\/v2\/types\/page"}],"author":[{"embeddable":true,"href":"https:\/\/heerenveenlokaal.nl\/fy\/wp-json\/wp\/v2\/users\/3"}],"replies":[{"embeddable":true,"href":"https:\/\/heerenveenlokaal.nl\/fy\/wp-json\/wp\/v2\/comments?post=5068"}],"version-history":[{"count":7,"href":"https:\/\/heerenveenlokaal.nl\/fy\/wp-json\/wp\/v2\/pages\/5068\/revisions"}],"predecessor-version":[{"id":5076,"href":"https:\/\/heerenveenlokaal.nl\/fy\/wp-json\/wp\/v2\/pages\/5068\/revisions\/5076"}],"wp:featuredmedia":[{"embeddable":true,"href":"https:\/\/heerenveenlokaal.nl\/fy\/wp-json\/wp\/v2\/media\/5070"}],"wp:attachment":[{"href":"https:\/\/heerenveenlokaal.nl\/fy\/wp-json\/wp\/v2\/media?parent=5068"}],"wp:term":[{"taxonomy":"category","embeddable":true,"href":"https:\/\/heerenveenlokaal.nl\/fy\/wp-json\/wp\/v2\/categories?post=5068"},{"taxonomy":"post_tag","embeddable":true,"href":"https:\/\/heerenveenlokaal.nl\/fy\/wp-json\/wp\/v2\/tags?post=5068"}],"curies":[{"name":"wp","href":"https:\/\/api.w.org\/{rel}","templated":true}]}}